{"id":43,"date":"2023-10-23T12:46:41","date_gmt":"2023-10-23T12:46:41","guid":{"rendered":"http:\/\/www.nectart.ch\/Wpress\/?page_id=43"},"modified":"2023-10-23T12:46:42","modified_gmt":"2023-10-23T12:46:42","slug":"enseignement","status":"publish","type":"page","link":"https:\/\/www.nectart.ch\/Wpress\/enseignement\/","title":{"rendered":"Enseignement"},"content":{"rendered":"<p>J\u2019enseigne dans plusieurs \u00e9coles dans la rubrique \u00ab\u00a0calligraphie\u00a0\u00bb\u00a0:<\/p>\n<p><strong><a href=\"http:\/\/www.ecole-club.ch\/\" target=\"_blank\" rel=\"noopener\">www.ecole-club.ch<\/a><\/strong>\u00a0\u00a0\u00a0\u00a0\u00a0 Ecole Club Migros \u00e0 Gen\u00e8ve, Balexert et Nyon<\/p>\n<p><strong><a href=\"http:\/\/www.aeqv.ch\/\" target=\"_blank\" rel=\"noopener\">www.aeqv.ch<\/a>\u00a0\u00a0\u00a0\u00a0\u00a0\u00a0\u00a0 <\/strong>Association Ecole et Quartier de Versoix<\/p>\n<p><a href=\"http:\/\/www.lescreateliers.ch\/\" target=\"_blank\" rel=\"noopener\"><strong>www.lescreateliers.ch<\/strong><\/a><strong>\u00a0<\/strong>\u00a0\u00a0\u00a0\u00a0\u00a0\u00a0\u00a0\u00a0\u00a0\u00a0\u00a0\u00a0\u00a0\u00a0\u00a0\u00a0\u00a0\u00a0\u00a0\u00a0\u00a0\u00a0\u00a0\u00a0\u00a0les Cr\u00e9ateliers\u00a0aux P\u00e2quis Gen\u00e8ve<\/p>\n<p><strong><a href=\"http:\/\/www.mda-geneve.ch\/\" target=\"_blank\" rel=\"noopener\">www.mda-geneve.ch<\/a><\/strong>\u00a0\u00a0\u00a0\u00a0\u00a0\u00a0\u00a0\u00a0\u00a0\u00a0\u00a0\u00a0\u00a0\u00a0\u00a0\u00a0\u00a0\u00a0\u00a0\u00a0\u00a0\u00a0\u00a0\u00a0\u00a0\u00a0\u00a0\u00a0Mouvement des Ain\u00e9s \u00e0 Gen\u00e8ve<\/p>\n<p style=\"text-align: center;\"><em>\u00a0***<\/em><\/p>\n<p><em>Celui qui conna\u00eet son but peut d\u00e9cider<\/em><\/p>\n<p><em>Celui qui d\u00e9cide trouve le calme<\/em><\/p>\n<p><em>Celui qui trouve le calme est s\u00fbr<\/em><\/p>\n<p><em>Celui qui est s\u00fbr peut r\u00e9fl\u00e9chir<\/em><\/p>\n<p><em>Celui qui r\u00e9fl\u00e9chit peut am\u00e9liorer<\/em><\/p>\n<p><em>Confucius<\/em><\/p>\n<p><em>\u00a0<\/em><\/p>\n<p style=\"text-align: center;\">***<\/p>\n","protected":false},"excerpt":{"rendered":"<p>J\u2019enseigne dans plusieurs \u00e9coles dans la rubrique \u00ab\u00a0calligraphie\u00a0\u00bb\u00a0: www.ecole-club.ch\u00a0\u00a0\u00a0\u00a0\u00a0 Ecole Club Migros \u00e0 Gen\u00e8ve, Balexert et Nyon www.aeqv.ch\u00a0\u00a0\u00a0\u00a0\u00a0\u00a0\u00a0 Association Ecole et Quartier de Versoix www.lescreateliers.ch\u00a0\u00a0\u00a0\u00a0\u00a0\u00a0\u00a0\u00a0\u00a0\u00a0\u00a0\u00a0\u00a0\u00a0\u00a0\u00a0\u00a0\u00a0\u00a0\u00a0\u00a0\u00a0\u00a0\u00a0\u00a0\u00a0les Cr\u00e9ateliers\u00a0aux P\u00e2quis Gen\u00e8ve www.mda-geneve.ch\u00a0\u00a0\u00a0\u00a0\u00a0\u00a0\u00a0\u00a0\u00a0\u00a0\u00a0\u00a0\u00a0\u00a0\u00a0\u00a0\u00a0\u00a0\u00a0\u00a0\u00a0\u00a0\u00a0\u00a0\u00a0\u00a0\u00a0\u00a0Mouvement des Ain\u00e9s \u00e0 Gen\u00e8ve \u00a0*** Celui qui conna\u00eet son but peut d\u00e9cider Celui qui d\u00e9cide trouve le calme Celui qui trouve le calme est s\u00fbr Celui <a class=\"more-link\" href=\"https:\/\/www.nectart.ch\/Wpress\/enseignement\/\">Lire plus &#8230;<\/a><\/p>\n","protected":false},"author":1,"featured_media":0,"parent":0,"menu_order":0,"comment_status":"closed","ping_status":"closed","template":"","meta":{"ngg_post_thumbnail":0,"footnotes":""},"_links":{"self":[{"href":"https:\/\/www.nectart.ch\/Wpress\/wp-json\/wp\/v2\/pages\/43"}],"collection":[{"href":"https:\/\/www.nectart.ch\/Wpress\/wp-json\/wp\/v2\/pages"}],"about":[{"href":"https:\/\/www.nectart.ch\/Wpress\/wp-json\/wp\/v2\/types\/page"}],"author":[{"embeddable":true,"href":"https:\/\/www.nectart.ch\/Wpress\/wp-json\/wp\/v2\/users\/1"}],"replies":[{"embeddable":true,"href":"https:\/\/www.nectart.ch\/Wpress\/wp-json\/wp\/v2\/comments?post=43"}],"version-history":[{"count":1,"href":"https:\/\/www.nectart.ch\/Wpress\/wp-json\/wp\/v2\/pages\/43\/revisions"}],"predecessor-version":[{"id":44,"href":"https:\/\/www.nectart.ch\/Wpress\/wp-json\/wp\/v2\/pages\/43\/revisions\/44"}],"wp:attachment":[{"href":"https:\/\/www.nectart.ch\/Wpress\/wp-json\/wp\/v2\/media?parent=43"}],"curies":[{"name":"wp","href":"https:\/\/api.w.org\/{rel}","templated":true}]}}