{"id":35,"date":"2023-10-23T12:33:15","date_gmt":"2023-10-23T12:33:15","guid":{"rendered":"http:\/\/www.nectart.ch\/Wpress\/?page_id=35"},"modified":"2023-10-25T16:22:27","modified_gmt":"2023-10-25T16:22:27","slug":"illustration","status":"publish","type":"page","link":"https:\/\/www.nectart.ch\/Wpress\/illustration\/","title":{"rendered":"Illustration"},"content":{"rendered":"\n<p>Voici dans la <strong>galerie<\/strong> quelques illustrations humoristiques, figuratifs, acad\u00e9mie, et diff\u00e9rents fusains et pastels&nbsp;de tout poils.<\/p>\n\n\n\n<p>Notament j\u2019ai s\u00e9vi pour des clients de stations de montagne dans toute la Suisse et autres horizons&nbsp;pour des impressions T-shirts.<\/p>\n\n\n\n<p>Merci aux clients qui m\u2019ont donn\u00e9 l\u2019occasion d\u2019illustrer leur publicit\u00e9 personnalis\u00e9e.<\/p>\n\n\n\n<h1 class=\"wp-block-heading\"><strong>Je peux adapter des illustrations&nbsp;afin de promouvoir votre entreprise.<\/strong><\/h1>\n\n\n\n<p>Cependant elles ne peuvent \u00eatre revendues ou utilis\u00e9es dans un quelconque support \u00e0 des fins commerciales sans mon autorisation et sont r\u00e9gies par copyright.<\/p>\n\n\n\n<p class=\"has-text-align-center\"><em>***<\/em><\/p>\n\n\n\n<p><em>\u00ab Car le travail n\u2019a pas d\u2019autre but que la connaissance. <\/em><\/p>\n\n\n\n<p><em>Quand la connaissance est atteinte, le travail est laiss\u00e9 de c\u00f4t\u00e9.<\/em><\/p>\n\n\n\n<p><em>La fleur s\u2019\u00e9panouit pour le fruit&nbsp;; quand le fruit m\u00fbrit, la fleur se fane.&nbsp;\u00bb <\/em><\/p>\n\n\n\n<p><em>Kabir<\/em><\/p>\n\n\n\n<p><em>***<\/em><\/p>\n\n\n\n<p>Et quelques travaux perso:<\/p>\n\n\n\n<p>sculpture sur pierre DZ<\/p>\n\n\n<div class=\"wp-block-image\">\n<figure class=\"aligncenter size-full is-resized\"><img decoding=\"async\" loading=\"lazy\" width=\"214\" height=\"283\" src=\"http:\/\/www.nectart.ch\/Wpress\/wp-content\/uploads\/2023\/10\/11bweb.jpg\" alt=\"\" class=\"wp-image-231\" style=\"aspect-ratio:0.7561837455830389;width:314px;height:auto\"\/><\/figure><\/div>\n\n\n<p>et pastels du Valais<\/p>\n\n\n\n<p>collection priv\u00e9e<\/p>\n\n\n\n<p>DZ<\/p>\n\n\n<div class=\"wp-block-image\">\n<figure class=\"aligncenter size-full is-resized\"><img decoding=\"async\" loading=\"lazy\" width=\"298\" height=\"425\" src=\"http:\/\/www.nectart.ch\/Wpress\/wp-content\/uploads\/2023\/10\/pastel-fleurs-Valais-DZ-Nectart.jpg\" alt=\"\" class=\"wp-image-334\" style=\"aspect-ratio:0.7011764705882353;width:419px;height:auto\" srcset=\"https:\/\/www.nectart.ch\/Wpress\/wp-content\/uploads\/2023\/10\/pastel-fleurs-Valais-DZ-Nectart.jpg 298w, https:\/\/www.nectart.ch\/Wpress\/wp-content\/uploads\/2023\/10\/pastel-fleurs-Valais-DZ-Nectart-210x300.jpg 210w\" sizes=\"(max-width: 298px) 100vw, 298px\" \/><\/figure><\/div>\n\n<div class=\"wp-block-image\">\n<figure class=\"aligncenter size-full\"><img decoding=\"async\" loading=\"lazy\" width=\"425\" height=\"300\" src=\"http:\/\/www.nectart.ch\/Wpress\/wp-content\/uploads\/2023\/10\/pastel-Val-D_Herens-DZ_Nectart.jpg\" alt=\"\" class=\"wp-image-335\" srcset=\"https:\/\/www.nectart.ch\/Wpress\/wp-content\/uploads\/2023\/10\/pastel-Val-D_Herens-DZ_Nectart.jpg 425w, https:\/\/www.nectart.ch\/Wpress\/wp-content\/uploads\/2023\/10\/pastel-Val-D_Herens-DZ_Nectart-300x212.jpg 300w\" sizes=\"(max-width: 425px) 100vw, 425px\" \/><\/figure><\/div>","protected":false},"excerpt":{"rendered":"<p>Voici dans la galerie quelques illustrations humoristiques, figuratifs, acad\u00e9mie, et diff\u00e9rents fusains et pastels&nbsp;de tout poils. Notament j\u2019ai s\u00e9vi pour des clients de stations de montagne dans toute la Suisse et autres horizons&nbsp;pour des impressions T-shirts. Merci aux clients qui m\u2019ont donn\u00e9 l\u2019occasion d\u2019illustrer leur publicit\u00e9 personnalis\u00e9e. Je peux adapter des illustrations&nbsp;afin de promouvoir votre <a class=\"more-link\" href=\"https:\/\/www.nectart.ch\/Wpress\/illustration\/\">Lire plus &#8230;<\/a><\/p>\n","protected":false},"author":1,"featured_media":0,"parent":0,"menu_order":0,"comment_status":"closed","ping_status":"closed","template":"","meta":{"ngg_post_thumbnail":0,"footnotes":""},"_links":{"self":[{"href":"https:\/\/www.nectart.ch\/Wpress\/wp-json\/wp\/v2\/pages\/35"}],"collection":[{"href":"https:\/\/www.nectart.ch\/Wpress\/wp-json\/wp\/v2\/pages"}],"about":[{"href":"https:\/\/www.nectart.ch\/Wpress\/wp-json\/wp\/v2\/types\/page"}],"author":[{"embeddable":true,"href":"https:\/\/www.nectart.ch\/Wpress\/wp-json\/wp\/v2\/users\/1"}],"replies":[{"embeddable":true,"href":"https:\/\/www.nectart.ch\/Wpress\/wp-json\/wp\/v2\/comments?post=35"}],"version-history":[{"count":2,"href":"https:\/\/www.nectart.ch\/Wpress\/wp-json\/wp\/v2\/pages\/35\/revisions"}],"predecessor-version":[{"id":336,"href":"https:\/\/www.nectart.ch\/Wpress\/wp-json\/wp\/v2\/pages\/35\/revisions\/336"}],"wp:attachment":[{"href":"https:\/\/www.nectart.ch\/Wpress\/wp-json\/wp\/v2\/media?parent=35"}],"curies":[{"name":"wp","href":"https:\/\/api.w.org\/{rel}","templated":true}]}}