{"id":349,"date":"2023-10-26T13:47:17","date_gmt":"2023-10-26T13:47:17","guid":{"rendered":"http:\/\/www.nectart.ch\/Wpress\/?page_id=349"},"modified":"2023-10-26T13:48:11","modified_gmt":"2023-10-26T13:48:11","slug":"theatre-2","status":"publish","type":"page","link":"https:\/\/www.nectart.ch\/Wpress\/theatre-2\/","title":{"rendered":"Th\u00e9\u00e2tre"},"content":{"rendered":"<p>Au th\u00e9\u00e2tre, on&nbsp;exprime sur les planches&nbsp;le sens de la vie&nbsp;avec le r\u00f4le&nbsp;de l\u2019\u00e9criture et la langue, Verbe qui anime l\u2019illusion transitoire de la sc\u00e8ne de la vie.<\/p>\n<p>Le th\u00e9\u00e2tre ne serait-il pas son reflet&nbsp;?<\/p>\n<p>Le jeu en vaut la chandelle, et je participe \u00e0 ce grand jeu de l\u2019illusion aux d\u00e9cors et \u00e0 la r\u00e9gie.<\/p>\n<p>Vous pouvez voir dans&nbsp;la galerie les photos des d\u00e9cors effectu\u00e9s.<\/p>\n<p>C\u2019est un service que j\u2019offre depuis le nouveau mill\u00e9naire \u00e0 la Tulipe Noire.<\/p>\n<p>La troupe&nbsp;joue b\u00e9n\u00e9volement pour des associations caritatives essentiellement.<\/p>\n<p>Voir site <a href=\"http:\/\/www.tulipenoire.ch\/\" target=\"_blank\" rel=\"noopener\">www.tulipenoire.ch<\/a><\/p>\n<p>et de ce fait, je pr\u00eate mains fortes aux d\u00e9cors&nbsp;\u00e0 d&rsquo;autres troupes de th\u00e9\u00e2tre amateur&nbsp;<\/p>\n<p>dont \u00ab\u00a0les Tr\u00e9teaux de la Fontaine\u00a0\u00bb \u00e0 Soral&#8230;<\/p>\n<p style=\"text-align: center;\">D\u00e9cors jardin et roses de \u00ab\u00a0Monsieur Claude\u00a0\u00bb Tulipe Noire<\/p>\n<p><img decoding=\"async\" loading=\"lazy\" class=\"size-medium wp-image-245 alignleft\" src=\"http:\/\/www.nectart.ch\/Wpress\/wp-content\/uploads\/2023\/10\/fond-decors-TN_2000-225x300.jpg\" alt=\"\" width=\"225\" height=\"300\" srcset=\"https:\/\/www.nectart.ch\/Wpress\/wp-content\/uploads\/2023\/10\/fond-decors-TN_2000-225x300.jpg 225w, https:\/\/www.nectart.ch\/Wpress\/wp-content\/uploads\/2023\/10\/fond-decors-TN_2000-768x1024.jpg 768w, https:\/\/www.nectart.ch\/Wpress\/wp-content\/uploads\/2023\/10\/fond-decors-TN_2000-1152x1536.jpg 1152w, https:\/\/www.nectart.ch\/Wpress\/wp-content\/uploads\/2023\/10\/fond-decors-TN_2000.jpg 1200w\" sizes=\"(max-width: 225px) 100vw, 225px\" \/><img decoding=\"async\" loading=\"lazy\" class=\"wp-image-350 alignright\" src=\"http:\/\/www.nectart.ch\/Wpress\/wp-content\/uploads\/2023\/10\/fond-decors_detail-1-225x300.jpg\" alt=\"\" width=\"228\" height=\"304\" srcset=\"https:\/\/www.nectart.ch\/Wpress\/wp-content\/uploads\/2023\/10\/fond-decors_detail-1-225x300.jpg 225w, https:\/\/www.nectart.ch\/Wpress\/wp-content\/uploads\/2023\/10\/fond-decors_detail-1-768x1024.jpg 768w, https:\/\/www.nectart.ch\/Wpress\/wp-content\/uploads\/2023\/10\/fond-decors_detail-1-1152x1536.jpg 1152w, https:\/\/www.nectart.ch\/Wpress\/wp-content\/uploads\/2023\/10\/fond-decors_detail-1.jpg 1200w\" sizes=\"(max-width: 228px) 100vw, 228px\" \/><!--more--><\/p>\n<p style=\"text-align: center;\">D\u00e9cors pour Th\u00f4nex, guichet&nbsp;style western. planches peintes enti\u00e8rement<\/p>\n\n<div class=\"wp-block-image\">\n<figure class=\"aligncenter size-large is-resized\"><img decoding=\"async\" loading=\"lazy\" width=\"1024\" height=\"907\" src=\"http:\/\/www.nectart.ch\/Wpress\/wp-content\/uploads\/2023\/10\/cote-guichet_web-1024x907.jpg\" alt=\"\" class=\"wp-image-239\" style=\"aspect-ratio:1.1289966923925028;width:591px;height:auto\" srcset=\"https:\/\/www.nectart.ch\/Wpress\/wp-content\/uploads\/2023\/10\/cote-guichet_web-1024x907.jpg 1024w, https:\/\/www.nectart.ch\/Wpress\/wp-content\/uploads\/2023\/10\/cote-guichet_web-300x266.jpg 300w, https:\/\/www.nectart.ch\/Wpress\/wp-content\/uploads\/2023\/10\/cote-guichet_web-768x680.jpg 768w, https:\/\/www.nectart.ch\/Wpress\/wp-content\/uploads\/2023\/10\/cote-guichet_web.jpg 1065w\" sizes=\"(max-width: 1024px) 100vw, 1024px\" \/><\/figure><\/div>\n\n<div class=\"wp-block-image\">\n<figure class=\"aligncenter size-large is-resized\"><img decoding=\"async\" loading=\"lazy\" width=\"972\" height=\"1024\" src=\"http:\/\/www.nectart.ch\/Wpress\/wp-content\/uploads\/2023\/10\/guichet-Bank-of-Thonex_2005_web-972x1024.jpg\" alt=\"\" class=\"wp-image-351\" style=\"aspect-ratio:0.94921875;width:591px;height:auto\" srcset=\"https:\/\/www.nectart.ch\/Wpress\/wp-content\/uploads\/2023\/10\/guichet-Bank-of-Thonex_2005_web-972x1024.jpg 972w, https:\/\/www.nectart.ch\/Wpress\/wp-content\/uploads\/2023\/10\/guichet-Bank-of-Thonex_2005_web-285x300.jpg 285w, https:\/\/www.nectart.ch\/Wpress\/wp-content\/uploads\/2023\/10\/guichet-Bank-of-Thonex_2005_web-768x809.jpg 768w, https:\/\/www.nectart.ch\/Wpress\/wp-content\/uploads\/2023\/10\/guichet-Bank-of-Thonex_2005_web.jpg 1139w\" sizes=\"(max-width: 972px) 100vw, 972px\" \/><\/figure><\/div>\n\n<p style=\"text-align: center;\">***<\/p>\n<p style=\"text-align: left;\"><em>J\u2019entends la m\u00e9lodie de Sa fl\u00fbte et je ne suis plus ma\u00eetre de moi.<\/em><\/p>\n<p><em>La fleur s\u2019\u00e9panouit sans que le printemps soit venu, et d\u00e9j\u00e0 l\u2019abeille a re\u00e7u son message odorant.<\/em><\/p>\n<p><em>Le tonnerre gronde, les \u00e9clairs brillent&nbsp;; des vagues s\u2019\u00e9l\u00e8vent dans mon c\u0153ur.<\/em><\/p>\n<p><em>La pluie tombe et mon \u00e2me languit aupr\u00e8s de Toi.<\/em><\/p>\n<p><em>L\u00e0 o\u00f9 le rythme du monde tour \u00e0 tour prend naissance et meurt, c\u2019est l\u00e0 que mon c\u0153ur a atteint.<\/em><\/p>\n<p><em>L\u00e0 les banni\u00e8res cach\u00e9es flottent au vent.<\/em><\/p>\n<p><em>Kabir dit&nbsp;: \u00ab&nbsp;Mon c\u0153ur se meurt de vivre.&nbsp;\u00bb<\/em><\/p>\n<p>&nbsp;<\/p>\n<p style=\"text-align: center;\"><em>***<\/em><\/p>\n<p style=\"text-align: center;\">Voici quelques affiches&nbsp;que j&rsquo;ai r\u00e9alis\u00e9es lors&nbsp;des&nbsp; repr\u00e9sentations.<\/p>\n\n\n<div class=\"margin_collapsetop\">&nbsp;<\/div>\n\n\n<div class=\" com-content-category-blog blog\">\n<div class=\"row\">\n<div class=\"col-xl-12 col-lg-12\">\n<article class=\"ttr_post list\">\n<div class=\"ttr_post_content_inner\">\n<div class=\"item-content\">\n<div class=\"ttr_article\">\n<div class=\"postcontent\">\n<p>&nbsp;<\/p>\n<p>&nbsp;<img decoding=\"async\" src=\"https:\/\/nectart.ch\/images\/affiche_Adrien_A4_2016_SITE.jpg\" alt=\"affiche Adrien A4 2016 SITE\"><\/p>\n<p>pour la troupe 7PM<\/p>\n<hr>\n<p><img decoding=\"async\" src=\"https:\/\/nectart.ch\/images\/affiche_jusqu\u00e0_ce_que_la_mort_nous_s\u00e9pare_A4_OK__SITE_WEB.jpg\" alt=\"affiche jusqu\u00e0 ce que la mort nous s\u00e9pare A4 OK SITE WEB\">&nbsp;&nbsp;<\/p>\n<p><img decoding=\"async\" loading=\"lazy\" src=\"https:\/\/nectart.ch\/images\/affiche_Sur_le_fil_A5_Programme.jpg\" alt=\"affiche Sur le fil A5 Programme\" width=\"800\" height=\"1132\"><\/p>\n<p><img decoding=\"async\" loading=\"lazy\" src=\"https:\/\/nectart.ch\/images\/couv.PROGRAMME.jpg\" alt=\"couv.PROGRAMME\" width=\"800\" height=\"1132\"><img decoding=\"async\" loading=\"lazy\" src=\"https:\/\/nectart.ch\/images\/stories\/aff.2013%20neutre.a5_du%20vent%20dans%20les%20branches%20de%20sassafras.jpg\" alt=\"alt\" width=\"712\" height=\"1071\"><\/p>\n<p>&nbsp;<img decoding=\"async\" loading=\"lazy\" src=\"https:\/\/nectart.ch\/images\/stories\/flyer souris web.jpg\" alt=\"alt\" width=\"712\" height=\"1071\"><\/p>\n<p>&nbsp;<\/p>\n<div>&nbsp;<\/div>\n<\/div>\n<\/div>\n<\/div>\n<\/div>\n<\/article>\n<\/div>\n<div class=\"col-xl-12 col-lg-12\">\n<article class=\"ttr_post list\">\n<div class=\"ttr_post_content_inner\">\n<div class=\"item-content\">\n<div class=\"ttr_article\">\n<div class=\"postcontent\">\n<p><img decoding=\"async\" loading=\"lazy\" src=\"https:\/\/nectart.ch\/images\/MES%20IMAGES\/Affiche_web_final_2011.jpg\" alt=\"Affiche web final 2011\" width=\"600\" height=\"849\"><\/p>\n<div>&nbsp;<\/div>\n<\/div>\n<\/div>\n<\/div>\n<\/div>\n<\/article>\n<\/div>\n<div class=\"col-xl-12 col-lg-12\">\n<article class=\"ttr_post list\">\n<div class=\"ttr_post_content_inner\">\n<div class=\"item-content\">\n<div class=\"ttr_article\">\n<div class=\"postcontent\">\n<p><img decoding=\"async\" src=\"https:\/\/nectart.ch\/images\/MES IMAGES\/Affiche-Virginie-A5.jpg\" alt=\"\"><\/p>\n<div>&nbsp;<\/div>\n<\/div>\n<\/div>\n<\/div>\n<\/div>\n<\/article>\n<\/div>\n<div class=\"col-xl-12 col-lg-12\">\n<article class=\"ttr_post list\">\n<div class=\"ttr_post_content_inner\">\n<div class=\"item-content\">\n<div class=\"ttr_article\">\n<div class=\"postcontent\">\n<p><img decoding=\"async\" src=\"https:\/\/nectart.ch\/images\/MES IMAGES\/Affiche_pere-noel-ordure-09.jpg\" alt=\"\"><\/p>\n<div>&nbsp;<\/div>\n<\/div>\n<\/div>\n<\/div>\n<\/div>\n<\/article>\n<\/div>\n<div class=\"col-xl-12 col-lg-12\">\n<article class=\"ttr_post list\">\n<div class=\"ttr_post_content_inner\">\n<div class=\"item-content\">\n<div class=\"ttr_article\">\n<div class=\"postcontent\">\n<p><img decoding=\"async\" src=\"https:\/\/nectart.ch\/images\/MES IMAGES\/affiche_impair-et-pere-08.jpg\" alt=\"\"><\/p>\n<div>&nbsp;<\/div>\n<\/div>\n<\/div>\n<\/div>\n<\/div>\n<\/article>\n<\/div>\n<\/div>\n<\/div>\n<div class=\"margin_collapsetop\">&nbsp;<\/div>","protected":false},"excerpt":{"rendered":"<p>Au th\u00e9\u00e2tre, on&nbsp;exprime sur les planches&nbsp;le sens de la vie&nbsp;avec le r\u00f4le&nbsp;de l\u2019\u00e9criture et la langue, Verbe qui anime l\u2019illusion transitoire de la sc\u00e8ne de la vie. Le th\u00e9\u00e2tre ne serait-il pas son reflet&nbsp;? Le jeu en vaut la chandelle, et je participe \u00e0 ce grand jeu de l\u2019illusion aux d\u00e9cors et \u00e0 la r\u00e9gie. <a class=\"more-link\" href=\"https:\/\/www.nectart.ch\/Wpress\/theatre-2\/\">Lire plus &#8230;<\/a><\/p>\n","protected":false},"author":1,"featured_media":0,"parent":0,"menu_order":0,"comment_status":"closed","ping_status":"closed","template":"","meta":{"ngg_post_thumbnail":0,"footnotes":""},"_links":{"self":[{"href":"https:\/\/www.nectart.ch\/Wpress\/wp-json\/wp\/v2\/pages\/349"}],"collection":[{"href":"https:\/\/www.nectart.ch\/Wpress\/wp-json\/wp\/v2\/pages"}],"about":[{"href":"https:\/\/www.nectart.ch\/Wpress\/wp-json\/wp\/v2\/types\/page"}],"author":[{"embeddable":true,"href":"https:\/\/www.nectart.ch\/Wpress\/wp-json\/wp\/v2\/users\/1"}],"replies":[{"embeddable":true,"href":"https:\/\/www.nectart.ch\/Wpress\/wp-json\/wp\/v2\/comments?post=349"}],"version-history":[{"count":1,"href":"https:\/\/www.nectart.ch\/Wpress\/wp-json\/wp\/v2\/pages\/349\/revisions"}],"predecessor-version":[{"id":352,"href":"https:\/\/www.nectart.ch\/Wpress\/wp-json\/wp\/v2\/pages\/349\/revisions\/352"}],"wp:attachment":[{"href":"https:\/\/www.nectart.ch\/Wpress\/wp-json\/wp\/v2\/media?parent=349"}],"curies":[{"name":"wp","href":"https:\/\/api.w.org\/{rel}","templated":true}]}}