{"id":329,"date":"2023-10-25T15:57:55","date_gmt":"2023-10-25T15:57:55","guid":{"rendered":"http:\/\/www.nectart.ch\/Wpress\/?page_id=329"},"modified":"2023-10-25T15:58:46","modified_gmt":"2023-10-25T15:58:46","slug":"biographie-1","status":"publish","type":"page","link":"https:\/\/www.nectart.ch\/Wpress\/biographie-1\/","title":{"rendered":"Biographie"},"content":{"rendered":"<div class=\"wp-block-image\">\n<figure class=\"aligncenter size-large is-resized\"><img decoding=\"async\" loading=\"lazy\" width=\"768\" height=\"1024\" src=\"http:\/\/www.nectart.ch\/Wpress\/wp-content\/uploads\/2023\/10\/dz-copier-768x1024.jpg\" alt=\"\" class=\"wp-image-307\" style=\"aspect-ratio:0.75;width:266px;height:auto\" srcset=\"https:\/\/www.nectart.ch\/Wpress\/wp-content\/uploads\/2023\/10\/dz-copier-768x1024.jpg 768w, https:\/\/www.nectart.ch\/Wpress\/wp-content\/uploads\/2023\/10\/dz-copier-225x300.jpg 225w, https:\/\/www.nectart.ch\/Wpress\/wp-content\/uploads\/2023\/10\/dz-copier-1152x1536.jpg 1152w, https:\/\/www.nectart.ch\/Wpress\/wp-content\/uploads\/2023\/10\/dz-copier.jpg 1200w\" sizes=\"(max-width: 768px) 100vw, 768px\" \/><\/figure><\/div>\n\n<p style=\"text-align: center;\">Dominique Zaugg est n\u00e9e le si\u00e8cle dernier \u00e0 la fin de&nbsp; 1961.<\/p>\n<p style=\"text-align: center;\">Elle savait dessiner avant de savoir parler, constamment elle dessinait \u00e0 m\u00eame son assiette.<\/p>\n<p style=\"text-align: center;\">A la recherche du trait libre elle avait d\u00e9j\u00e0 commenc\u00e9 une BD \u00e0 l\u2019\u00e2ge de 18 ans.&nbsp;<\/p>\n<p><img decoding=\"async\" loading=\"lazy\" class=\"size-full wp-image-300 alignright\" src=\"http:\/\/www.nectart.ch\/Wpress\/wp-content\/uploads\/2023\/10\/portrait.jpg\" alt=\"\" width=\"300\" height=\"300\" srcset=\"https:\/\/www.nectart.ch\/Wpress\/wp-content\/uploads\/2023\/10\/portrait.jpg 300w, https:\/\/www.nectart.ch\/Wpress\/wp-content\/uploads\/2023\/10\/portrait-150x150.jpg 150w, https:\/\/www.nectart.ch\/Wpress\/wp-content\/uploads\/2023\/10\/portrait-200x200.jpg 200w, https:\/\/www.nectart.ch\/Wpress\/wp-content\/uploads\/2023\/10\/portrait-100x100.jpg 100w, https:\/\/www.nectart.ch\/Wpress\/wp-content\/uploads\/2023\/10\/portrait-40x40.jpg 40w\" sizes=\"(max-width: 300px) 100vw, 300px\" \/><\/p>\n<p>En parall\u00e8le, sa recherche l\u2019a amen\u00e9e \u00e0 la m\u00e9ditation et un long cheminement int\u00e9rieur de r\u00e9v\u00e9lation \u00e0 Soi se r\u00e9alise, le dessin a \u00e9t\u00e9 un support primordial. En outre, la pratique du Kyud\u00f4, tir \u00e0 l\u2019arc japonais, la Voie de l\u2019Arc, la Voie du C\u0153ur, depuis plusieurs ann\u00e9es lui procure libert\u00e9 et \u00e9clat int\u00e9rieurs.&nbsp;<\/p>\n<p>&nbsp;<\/p>\n<p>Depuis 1997, elle enseigne la calligraphie de nos lettres latines, bien qu\u2019elle soit tomb\u00e9e dedans \u00e0 l\u2019Ecole des Arts d\u00e9coratifs appel\u00e9 ainsi \u00e0 l\u2019\u00e9poque de ses \u00e9tudes, il y a fort longtemps.<\/p>\n<p>&nbsp;<\/p>\n<p>Merci aux Maitres calligraphes, peintres, sculpteurs et Spirituels de l\u2019avoir soutenue, guid\u00e9e, sur ce Chemin escarp\u00e9 de cr\u00e9ations et d\u2019inspirations.<\/p>\n<p>En parall\u00e8le, sa recherche l\u2019a amen\u00e9e \u00e0 la m\u00e9ditation et un long cheminement int\u00e9rieur de r\u00e9v\u00e9lation \u00e0 Soi se r\u00e9alise, le dessin a \u00e9t\u00e9 un support primordial. En outre, la pratique du Kyud\u00f4, tir \u00e0 l\u2019arc japonais, la Voie de l\u2019Arc, la Voie du C\u0153ur, depuis plusieurs ann\u00e9es lui procure libert\u00e9 et \u00e9clat int\u00e9rieurs.&nbsp;<\/p>\n<p>Depuis 1997, elle enseigne la calligraphie de nos lettres latines, bien qu\u2019elle soit tomb\u00e9e dedans \u00e0 l\u2019Ecole des Arts d\u00e9coratifs appel\u00e9 ainsi \u00e0 l\u2019\u00e9poque de ses \u00e9tudes, il y a fort longtemps.<\/p>\n<p>Merci aux Maitres calligraphes, peintres, sculpteurs et Spirituels de l\u2019avoir soutenue, guid\u00e9e, sur ce Chemin escarp\u00e9 de cr\u00e9ations et d\u2019inspirations.<\/p>\n<p>Apr\u00e8s avoir fait les \u00e9tudes de graphiste \u00e0 l\u2019\u00e9cole susmentionn\u00e9e (actuellement EAA), ses recherches \u00e0 travers des pastels, fusains, peinture en passant par la calligraphie, les d\u00e9cors de th\u00e9\u00e2tre, Kyud\u00f4, arts de d\u00e9couvertes, arts d\u2019\u00catre, l\u2019encouragent \u00e0 les transmettre et ainsi, faire perdurer cet Art de Soi.<\/p>\n<p><img decoding=\"async\" loading=\"lazy\" class=\"alignnone size-full wp-image-301 aligncenter\" src=\"http:\/\/www.nectart.ch\/Wpress\/wp-content\/uploads\/2023\/10\/portrait2.jpg\" alt=\"\" width=\"300\" height=\"283\"><\/p>\n<p style=\"text-align: center;\"><strong>***<\/strong><\/p>\n<p><em>La m\u00e9ditation consiste \u00e0 \u00eatre conscient de chaque pens\u00e9e, de chaque sentiment; \u00e0 ne jamais les juger en bien ou en mal, mais \u00e0 les observer et \u00e0 se mouvoir avec eux. En cet \u00e9tat d&rsquo;observation, on commence \u00e0 comprendre tout le mouvement du penser et du sentir.<\/em><\/p>\n<p><em>De cette lucidit\u00e9 na\u00eet le silence.<\/em><\/p>\n<p><em>Krisnamurti<\/em><\/p>\n<p><em><a href=\"http:\/\/www.youtube.com\/watch?v=jbZc4Dh6ED4&amp;feature=related\">http:\/\/www.youtube.com\/watch?v=jbZc4Dh6ED4&amp;feature=related<\/a><\/em><\/p>\n<p><strong>***<\/strong><\/p>","protected":false},"excerpt":{"rendered":"<p>Dominique Zaugg est n\u00e9e le si\u00e8cle dernier \u00e0 la fin de&nbsp; 1961. Elle savait dessiner avant de savoir parler, constamment elle dessinait \u00e0 m\u00eame son assiette. A la recherche du trait libre elle avait d\u00e9j\u00e0 commenc\u00e9 une BD \u00e0 l\u2019\u00e2ge de 18 ans.&nbsp; En parall\u00e8le, sa recherche l\u2019a amen\u00e9e \u00e0 la m\u00e9ditation et un long <a class=\"more-link\" href=\"https:\/\/www.nectart.ch\/Wpress\/biographie-1\/\">Lire plus &#8230;<\/a><\/p>\n","protected":false},"author":1,"featured_media":0,"parent":0,"menu_order":0,"comment_status":"closed","ping_status":"closed","template":"","meta":{"ngg_post_thumbnail":0,"footnotes":""},"_links":{"self":[{"href":"https:\/\/www.nectart.ch\/Wpress\/wp-json\/wp\/v2\/pages\/329"}],"collection":[{"href":"https:\/\/www.nectart.ch\/Wpress\/wp-json\/wp\/v2\/pages"}],"about":[{"href":"https:\/\/www.nectart.ch\/Wpress\/wp-json\/wp\/v2\/types\/page"}],"author":[{"embeddable":true,"href":"https:\/\/www.nectart.ch\/Wpress\/wp-json\/wp\/v2\/users\/1"}],"replies":[{"embeddable":true,"href":"https:\/\/www.nectart.ch\/Wpress\/wp-json\/wp\/v2\/comments?post=329"}],"version-history":[{"count":2,"href":"https:\/\/www.nectart.ch\/Wpress\/wp-json\/wp\/v2\/pages\/329\/revisions"}],"predecessor-version":[{"id":331,"href":"https:\/\/www.nectart.ch\/Wpress\/wp-json\/wp\/v2\/pages\/329\/revisions\/331"}],"wp:attachment":[{"href":"https:\/\/www.nectart.ch\/Wpress\/wp-json\/wp\/v2\/media?parent=329"}],"curies":[{"name":"wp","href":"https:\/\/api.w.org\/{rel}","templated":true}]}}