{"id":214,"date":"2023-10-24T10:00:43","date_gmt":"2023-10-24T10:00:43","guid":{"rendered":"http:\/\/www.nectart.ch\/Wpress\/?page_id=214"},"modified":"2023-10-24T10:00:43","modified_gmt":"2023-10-24T10:00:43","slug":"poemes","status":"publish","type":"page","link":"https:\/\/www.nectart.ch\/Wpress\/poemes\/","title":{"rendered":"Po\u00eames"},"content":{"rendered":"<div class=\"col-xl-12 col-lg-12\">\n<article class=\"ttr_post list\">\n<div class=\"ttr_post_content_inner\">\n<div class=\"item-content\">\n<div class=\"ttr_article\">\n<div class=\"postcontent\">\n<p><strong><em>\u00ab Si&#8230; \u00bb<\/em><\/strong><\/p>\n<p>Si tu peux voir d\u00e9truit l&rsquo;ouvrage de ta vie<br \/>Et sans dire un seul mot te mettre \u00e0 reb\u00e2tir,<br \/>Ou perdre en un seul coup le gain de cent parties<br \/>Sans un geste et sans un soupir,<br \/>Si tu peux \u00eatre amant sans \u00eatre fou d&rsquo;amour ;<br \/>Si tu peux \u00eatre fort sans cesser d&rsquo;\u00eatre tendre<br \/>Et, te sentant ha\u00ef, sans ha\u00efr \u00e0 ton tour,<br \/>Pourtant lutter et te d\u00e9fendre.<\/p>\n<p>Si tu peux supporter d&rsquo;entendre tes paroles<br \/>Travesties par des gueux pour exciter des sots,<br \/>Et d&rsquo;entendre mentir sur toi leurs bouches folles,<br \/>Sans mentir toi-m\u00eame d&rsquo;un mot ;<br \/>Si tu peux rester digne en \u00e9tant populaire,<br \/>Si tu peux rester peuple en conseillant les Rois<br \/>Et si tu peux aimer tous tes amis en fr\u00e8res,<br \/>Sans qu&rsquo;aucun d&rsquo;eux soit tout pour toi.<\/p>\n<p>Si tu sais m\u00e9diter, observer et conna\u00eetre,<br \/>Sans jamais devenir sceptique ou destructeur,<br \/>R\u00eaver, mais sans laisser ton r\u00eave \u00eatre ton ma\u00eetre,<br \/>Penser, sans n&rsquo;\u00eatre qu&rsquo;un penseur ;<br \/>Si tu peux \u00eatre dur sans jamais \u00eatre en rage,<br \/>Si tu peux \u00eatre brave et jamais imprudent,<br \/>Si tu peux \u00eatre bon, si tu sais \u00eatre sage,<br \/>Sans \u00eatre moral ni p\u00e9dant.<\/p>\n<p>Si tu peux rencontrer triomphe apr\u00e8s d\u00e9faite<br \/>Et recevoir ces deux menteurs d&rsquo;un m\u00eame front<br \/>Si tu peux conserver ton courage et ta t\u00eate<br \/>Quand tous les autres les perdront ;<br \/>Alors les Rois, les Dieux, la Chance et la Victoire<br \/>Seront \u00e0 tout jamais tes esclaves soumis<br \/>Et, ce qui vaut bien mieux que les Rois et la Gloire,<br \/>Tu seras un homme, mon fils !<\/p>\n<p><em> Rudyard Kipling<\/em><\/p>\n<p><em> ***<\/em><\/p>\n<p><em><a href=\"http:\/\/www.youtube.com\/watch?v=E1gDoZpl7Fk\">http:\/\/www.youtube.com\/watch?v=E1gDoZpl7Fk<\/a><\/em><\/p>\n<\/div>\n<\/div>\n<\/div>\n<\/div>\n<\/article>\n<\/div>\n<div class=\"col-xl-12 col-lg-12\">\n<article class=\"ttr_post list\">\n<div class=\"ttr_post_content_inner\">\n<div class=\"item-content\">\n<div class=\"ttr_article\">\n<div class=\"postcontent\">\n<p>Nectar<\/p>\n<p>***<\/p>\n<p>L\u00e0 le ciel s\u2019emplit de musique.<\/p>\n<p>L\u00e0 il pleut du nectar.<\/p>\n<p>L\u00e0 les cordes de la harpe vibrent et les tambours battent.<\/p>\n<p>Quelle secr\u00e8te splendeur est l\u00e0 dans ce ch\u00e2teau du Ciel.<\/p>\n<p>L\u00e0 il n\u2019est plus question du lever et du coucher du soleil.<\/p>\n<p>Dans l\u2019oc\u00e9an de r\u00e9v\u00e9lations qu\u2019est la lumi\u00e8re de l\u2019amour, le jour et la nuit ne font qu\u2019un.<\/p>\n<p>Joie \u00e0 jamais ; ni douleurs, ni luttes.<\/p>\n<p>L\u00e0 j\u2019ai bu, remplie jusqu\u2019au bord, la coupe de la joie, de la joie parfaite.<\/p>\n<p>L\u00e0, il n\u2019y a pas de place pour l\u2019erreur.<\/p>\n<p>Kabir dit : \u00ab L\u00e0, j\u2019ai \u00e9t\u00e9 t\u00e9moin des jeux de l\u2019Unique F\u00e9licit\u00e9. \u00bb<\/p>\n<p>J\u2019ai connu en moi-m\u00eame le jeu de l\u2019Univers ; j\u2019ai \u00e9chapp\u00e9 \u00e0 l\u2019erreur de ce monde.<\/p>\n<p>Le dedans et le dehors sont devenus pour moi un seul Ciel. L\u2019infini et le fini se sont unis. Je suis ivre de la vue du Tout.<\/p>\n<p>Kabir<\/p>\n<p>***<\/p>\n<p>\u00ab\u00a0Il aurait pu lutter encore, tenter sa chance : il n&rsquo;y a pas de fatalit\u00e9 ext\u00e9rieure. Mais il y a une fatalit\u00e9 int\u00e9rieure : vient une minute o\u00f9 l&rsquo;on se d\u00e9couvre vuln\u00e9rable ; alors les fautes vous attirent comme un vertige. Et c&rsquo;est \u00e0 cette minute que luirent sur sa t\u00eate, dans une d\u00e9chirure de la temp\u00eate, comme un app\u00e2t mortel au fond d&rsquo;une nasse, quelques \u00e9toiles. Il jugea bien que c&rsquo;\u00e9tait un pi\u00e8ge : on voit trois \u00e9toiles dans un trou, on monte vers elles, ensuite on ne peut plus descendre, on reste l\u00e0 \u00e0 mordre les \u00e9toiles&#8230; Mais sa faim de lumi\u00e8re \u00e9tait telle qu&rsquo;il monta.\u00a0\u00bb<\/p>\n<p>Antoine de St Exup\u00e9ry de \u00ab\u00a0vol de nuit\u00a0\u00bb<\/p>\n<p>***<\/p>\n<\/div>\n<\/div>\n<\/div>\n<\/div>\n<\/article>\n<\/div>\n","protected":false},"excerpt":{"rendered":"<p>\u00ab Si&#8230; \u00bb Si tu peux voir d\u00e9truit l&rsquo;ouvrage de ta vieEt sans dire un seul mot te mettre \u00e0 reb\u00e2tir,Ou perdre en un seul coup le gain de cent partiesSans un geste et sans un soupir,Si tu peux \u00eatre amant sans \u00eatre fou d&rsquo;amour ;Si tu peux \u00eatre fort sans cesser d&rsquo;\u00eatre tendreEt, te <a class=\"more-link\" href=\"https:\/\/www.nectart.ch\/Wpress\/poemes\/\">Lire plus &#8230;<\/a><\/p>\n","protected":false},"author":1,"featured_media":0,"parent":0,"menu_order":0,"comment_status":"closed","ping_status":"closed","template":"","meta":{"ngg_post_thumbnail":0,"footnotes":""},"_links":{"self":[{"href":"https:\/\/www.nectart.ch\/Wpress\/wp-json\/wp\/v2\/pages\/214"}],"collection":[{"href":"https:\/\/www.nectart.ch\/Wpress\/wp-json\/wp\/v2\/pages"}],"about":[{"href":"https:\/\/www.nectart.ch\/Wpress\/wp-json\/wp\/v2\/types\/page"}],"author":[{"embeddable":true,"href":"https:\/\/www.nectart.ch\/Wpress\/wp-json\/wp\/v2\/users\/1"}],"replies":[{"embeddable":true,"href":"https:\/\/www.nectart.ch\/Wpress\/wp-json\/wp\/v2\/comments?post=214"}],"version-history":[{"count":1,"href":"https:\/\/www.nectart.ch\/Wpress\/wp-json\/wp\/v2\/pages\/214\/revisions"}],"predecessor-version":[{"id":215,"href":"https:\/\/www.nectart.ch\/Wpress\/wp-json\/wp\/v2\/pages\/214\/revisions\/215"}],"wp:attachment":[{"href":"https:\/\/www.nectart.ch\/Wpress\/wp-json\/wp\/v2\/media?parent=214"}],"curies":[{"name":"wp","href":"https:\/\/api.w.org\/{rel}","templated":true}]}}