{"id":208,"date":"2023-10-24T09:45:46","date_gmt":"2023-10-24T09:45:46","guid":{"rendered":"http:\/\/www.nectart.ch\/Wpress\/?page_id=208"},"modified":"2023-10-26T13:58:57","modified_gmt":"2023-10-26T13:58:57","slug":"philo","status":"publish","type":"page","link":"https:\/\/www.nectart.ch\/Wpress\/philo\/","title":{"rendered":"Philo"},"content":{"rendered":"<div class=\"col-xl-12 col-lg-12\">\n<article class=\"ttr_post list\">\n<div class=\"ttr_post_content_inner\">\n<div class=\"item-content\">\n<div class=\"ttr_article\">\n<div class=\"postcontent\">\n<h1><span class=\"userContent\">la Beaut\u00e9<\/span><\/h1>\n<p><span class=\"userContent\">Q:La beaut\u00e9 r\u00e9elle doit \u00eatre quelque chose d&rsquo;autre que la beaut\u00e9 du po\u00e8te, de l&rsquo;artiste, du jeune esprit alerte, bien que je ne d\u00e9pr\u00e9cie en aucune mani\u00e8re cette beaut\u00e9.<\/span><\/p>\n<p>Krishnamurti :<br \/>\nEst-ce r\u00e9ellement cela que vous cherchez ? Est-ce r\u00e9ellement ce que vous voulez ? Si c&rsquo;est le cas, il doit y avoir une r\u00e9volution totale de votre \u00eatre. Est-ce que c&rsquo;est cela que vous voulez ? Voulez-vous une r\u00e9volution qui mette en pi\u00e8ces tous vos concepts, vos valeurs, votre moralit\u00e9, votre respectabilit\u00e9, votre savoir &#8211; qui vous mette en pi\u00e8ces de telle sorte que vous soyez r\u00e9duit au n\u00e9ant absolu, que vous n&rsquo;ayez plus aucun caract\u00e8re, que vous ne soyez plus le chercheur, l&rsquo;homme qui juge, qui est agressif ou peut-\u00eatre non agressif, de telle sorte que vous soyez compl\u00e8tement vide de tout ce qui est vous ? Cette vacuit\u00e9 est la beaut\u00e9, avec son aust\u00e9rit\u00e9 extr\u00eame dans laquelle il n&rsquo;y a pas une \u00e9tincelle de duret\u00e9 ou d&rsquo;affirmation agressive. C&rsquo;est ce que veut dire effectuer la perc\u00e9e, et est-ce cela que vous poursuivez ? Il doit y avoir une intelligence \u00e9tonnante, qui ne soit pas de l&rsquo;information ou du savoir. Cette intelligence op\u00e8re continuellement, que vous soyez endormi ou \u00e9veill\u00e9. C&rsquo;est pourquoi nous disions qu&rsquo;il doit y avoir cette observation de l&rsquo;ext\u00e9rieur et de l&rsquo;int\u00e9rieur qui \u00e9veille, qui affine le cerveau. Et cette acuit\u00e9 m\u00eame du cerveau le rend tranquille. Et c&rsquo;est cette sensibilit\u00e9, cette intelligence qui font que la pens\u00e9e n&rsquo;op\u00e8re que lorsqu&rsquo;il le faut; le reste du temps le cerveau n&rsquo;est pas ensommeill\u00e9, mais tranquille de mani\u00e8re vigilante. Et ainsi, le cerveau avec ses r\u00e9actions ne cr\u00e9e pas de conflit. Il fonctionne sans lutte et, par cons\u00e9quent, sans d\u00e9formation. Alors, le faire et l&rsquo;action sont imm\u00e9diats, comme lorsque vous voyez un danger. En cons\u00e9quence, il y a toujours une lib\u00e9ration \u00e0 l&rsquo;\u00e9gard des accumulations conceptuelles. C&rsquo;est cette accumulation conceptuelle qui est l&rsquo;observateur, l&rsquo;ego, le \u00ab\u00a0moi\u00a0\u00bb qui divise, r\u00e9siste et construit des barri\u00e8res. Quand le \u00ab\u00a0moi\u00a0\u00bb n&rsquo;est pas, la perc\u00e9e n&rsquo;est pas non plus, alors il n&rsquo;y a pas de perc\u00e9e; alors la totalit\u00e9 de la vie est dans la beaut\u00e9 de vivre, la beaut\u00e9 des rapports, sans qu&rsquo;il y ait substitution d&rsquo;une image par une autre, alors seulement l&rsquo;infiniment grand est possible.<\/p>\n<\/div>\n<\/div>\n<\/div>\n<\/div>\n<\/article>\n<\/div>\n<div class=\"col-xl-12 col-lg-12\">\n<article class=\"ttr_post list\">\n<div class=\"ttr_post_content_inner\">\n<div class=\"item-content\">\n<div class=\"ttr_article\">\n<div class=\"postcontent\">\n<p>&nbsp;<\/p>\n<p><strong>M\u00e9ditation<\/strong><\/p>\n<p>La m\u00e9ditation fait partie int\u00e9grante de ma vie. Elle se r\u00e9v\u00e8le en la Lumi\u00e8re et Son Int\u00e9rieurs appel\u00e9s en Indi Shabd ou Naam ou plus connu par Verbe. C&rsquo;est la plus haute r\u00e9alisation qu&rsquo;un \u00eatre humain puisse faire.<\/p>\n<p>Je ne peux que citer Kabir pour le d\u00e9crire&#8230;mais d\u00e9crire ne suffit pas, il est bon d&rsquo;aller y voir vraiment.<\/p>\n<p><img decoding=\"async\" loading=\"lazy\" class=\" wp-image-303 aligncenter\" src=\"http:\/\/www.nectart.ch\/Wpress\/wp-content\/uploads\/2023\/10\/portrait-medit-DZ-206x300.jpg\" alt=\"\" width=\"308\" height=\"449\" srcset=\"https:\/\/www.nectart.ch\/Wpress\/wp-content\/uploads\/2023\/10\/portrait-medit-DZ-206x300.jpg 206w, https:\/\/www.nectart.ch\/Wpress\/wp-content\/uploads\/2023\/10\/portrait-medit-DZ.jpg 425w\" sizes=\"(max-width: 308px) 100vw, 308px\" \/><\/p>\n<p>***<\/p>\n<p><em>Quand Il se r\u00e9v\u00e8le \u00e0 Lui-m\u00eame, Brahma d\u00e9couvre l\u2019invisible.<\/em><\/p>\n<p><em>Comme la graine est dans la plante, comme l\u2019ombre est dans l\u2019arbre, comme l\u2019espace est dans<\/em><\/p>\n<p><em>le ciel, comme une infinit\u00e9 de formes sont dans l\u2019espace.<\/em><\/p>\n<p><em>Ainsi, d\u2019au del\u00e0 de l\u2019Infini, l\u2019Infini vient&nbsp;; et l\u2019Infini se prolonge dans le fini&nbsp;:<\/em><\/p>\n<p><em>La cr\u00e9ature est dans Brahma et Brahma est dans la cr\u00e9ature&nbsp;; ils sont \u00e0 jamais distincts et cependant \u00e0 jamais unis.<\/em><\/p>\n<p><em>Lui-m\u00eame, Il est l\u2019arbre, la graine et le germe.<\/em><\/p>\n<p><em>Lui-m\u00eame, Il est la fleur, le fruit et l\u2019ombre.<\/em><\/p>\n<p><em>Il est le soleil, la lumi\u00e8re et tout ce qui s\u2019\u00e9claire.<\/em><\/p>\n<p><em>Il est Brahma, la cr\u00e9ature et l\u2019Illusion.<\/em><\/p>\n<p><em>Il est la forme multiple, l\u2019espace infini&nbsp;;<\/em><\/p>\n<p><em>Il est le souffle, la parole, la pens\u00e9e.<\/em><\/p>\n<p><em>Il est le limit\u00e9 et l\u2019illimit\u00e9&nbsp;; et, par del\u00e0 le limit\u00e9 et l\u2019illimit\u00e9, Il est l\u2019\u00catre pur.<\/em><\/p>\n<p><em>Il est l\u2019Esprit immanent dans Brahma et dans la cr\u00e9ature,<\/em><\/p>\n<p><em>&nbsp;<\/em><em>L\u2019\u00c2me supr\u00eame est vue en dedans de l\u2019\u00e2me.<\/em><\/p>\n<p><em>Le point ultime est vu dans l\u2019\u00c2me supr\u00eame.<\/em><\/p>\n<p><em>Et, dans ce Point, les cr\u00e9ations se refl\u00e8tent encore. Kabir est b\u00e9ni parce qu\u2019il a cette<\/em><\/p>\n<p><em>supr\u00eame vision. <\/em><\/p>\n<p>***<\/p>\n<p>Pour info:<\/p>\n<p><a href=\"http:\/\/www.santmat.ch\">www.santmat.ch<\/a><\/p>\n<hr>\n<p>L\u2019\u00eatre qui a eu \u00e0 vivre la mort \u00e0 soi-m\u00eame a \u00e9t\u00e9 d\u00e9pouill\u00e9 des illusions, des pr\u00e9tentions, des simagr\u00e9es du moi et a atteint une certaine impersonnalit\u00e9. Il est simple, modeste, il aime le silence, le retrait, se tient au contact de ses ressources et \u00e0 l\u2019\u00e9coute de sa n\u00e9cessit\u00e9. Apr\u00e8s s\u2019\u00eatre \u00e9prouv\u00e9, il ne craint plus de s\u2019abandonner au non vouloir, de s\u2019immerger dans la ti\u00e9deur de la source. Se lover au plus intime de soi est m\u00eame ce qui est recherch\u00e9. En peignant, c\u2019est aussi tr\u00e8s exactement ce que recherche Fabienne. Etre un \u2013 soit n\u2019\u00eatre plus divis\u00e9, ne plus souffrir de la dualit\u00e9- est une jouissance extr\u00eame. Qui a connu cette jouissance ne cesse plus de vouloir la conna\u00eetre \u00e0 nouveau. Toutes limites abolies, reploy\u00e9 en son centre mais ouvert au monde, l\u2019\u00eatre se trouve projet\u00e9 hors du temps, et la vie qui soudain surabonde le submerge d\u2019un amour sans raison.<\/p>\n<p>L\u2019ENTRETIEN<\/p>\n<p><strong>Charles Juliet <\/strong><\/p>\n<p>&#8211; Sur la toile, le geste doit \u00eatre fulgurant \u2026<\/p>\n<p><strong>Fabienne Verdier<\/strong><\/p>\n<p>&#8211; Non. Je vous interromps, le geste ne doit surtout pas \u00eatre \u00ab fulgurant \u00bb. Le mouvement du flux ne na\u00eet pas dans la pr\u00e9cipitation d\u2019une \u00e9rection facile.<br \/>\nC\u2019est tr\u00e8s \u00e9trange. La trop grande rapidit\u00e9 d\u2019ex\u00e9cution ne peut produire la mati\u00e8re interne n\u00e9cessaire \u00e0 la concr\u00e9tisation du mouvement. Seule une sorte d\u2019instantan\u00e9it\u00e9 \u00ab retenue \u00bb de la pulsion transmet de l\u2019\u00e9nergie vitale. On est dans une totale pauvret\u00e9 physique, mat\u00e9rielle et intellectuelle. Un abandon d\u2019apparence. Comme un g\u00e9nie subtil, l\u2019esprit mobile nous habite et vient animer le souffle. Le rythme prend alors naturellement corps dans l\u2019espace.<br \/>\nJ\u2019essaie d\u2019amener le contemplatif de l\u2019\u0153uvre \u00e0 se questionner sur la forme comme elle va\u2026<\/p>\n<p>Charles Juliet, Entretien avec Fabienne Verdier, Albin Michel, 2007, p.16, 60-61<\/p>\n<p>***<\/p>\n<p>La fraternit\u00e9 n&rsquo;exclut rien.Elle inclut toute la cr\u00e9ation. Amour Absolu.<\/p>\n<p>Le pinceau fait r\u00e9v\u00e9ler un fragement du Soi par l&rsquo;ouverture de cette fen\u00eatre.<\/p>\n<p>Quelques-unes de mes&nbsp;peintures, grand format.<\/p>\n<p><img decoding=\"async\" loading=\"lazy\" class=\"wp-image-314 aligncenter\" src=\"http:\/\/www.nectart.ch\/Wpress\/wp-content\/uploads\/2023\/10\/mergence-300x222.jpg\" alt=\"\" width=\"605\" height=\"448\" srcset=\"https:\/\/www.nectart.ch\/Wpress\/wp-content\/uploads\/2023\/10\/mergence-300x222.jpg 300w, https:\/\/www.nectart.ch\/Wpress\/wp-content\/uploads\/2023\/10\/mergence-1024x758.jpg 1024w, https:\/\/www.nectart.ch\/Wpress\/wp-content\/uploads\/2023\/10\/mergence-768x568.jpg 768w, https:\/\/www.nectart.ch\/Wpress\/wp-content\/uploads\/2023\/10\/mergence.jpg 1124w\" sizes=\"(max-width: 605px) 100vw, 605px\" \/><\/p>\n<p>\u00e9mergence<\/p>\n<p>&nbsp;<\/p>\n<p><img decoding=\"async\" loading=\"lazy\" class=\" wp-image-317 aligncenter\" src=\"http:\/\/www.nectart.ch\/Wpress\/wp-content\/uploads\/2023\/10\/rise-and-shine_web-175x300.jpg\" alt=\"\" width=\"438\" height=\"751\" srcset=\"https:\/\/www.nectart.ch\/Wpress\/wp-content\/uploads\/2023\/10\/rise-and-shine_web-175x300.jpg 175w, https:\/\/www.nectart.ch\/Wpress\/wp-content\/uploads\/2023\/10\/rise-and-shine_web.jpg 394w\" sizes=\"(max-width: 438px) 100vw, 438px\" \/><\/p>\n<p>rise and shine<\/p>\n<p>&nbsp;<\/p>\n<p><img decoding=\"async\" loading=\"lazy\" class=\"wp-image-319 aligncenter\" src=\"http:\/\/www.nectart.ch\/Wpress\/wp-content\/uploads\/2023\/10\/seule-linnocence-peut-tre-passionne-104x300.jpg\" alt=\"\" width=\"333\" height=\"961\"><\/p>\n<p>&nbsp;vision p\u00e9n\u00e9trante<\/p>\n<p>***<\/p>\n<\/div>\n<\/div>\n<\/div>\n<\/div>\n<\/article>\n<\/div>\n","protected":false},"excerpt":{"rendered":"<p>la Beaut\u00e9 Q:La beaut\u00e9 r\u00e9elle doit \u00eatre quelque chose d&rsquo;autre que la beaut\u00e9 du po\u00e8te, de l&rsquo;artiste, du jeune esprit alerte, bien que je ne d\u00e9pr\u00e9cie en aucune mani\u00e8re cette beaut\u00e9. Krishnamurti : Est-ce r\u00e9ellement cela que vous cherchez ? Est-ce r\u00e9ellement ce que vous voulez ? Si c&rsquo;est le cas, il doit y avoir <a class=\"more-link\" href=\"https:\/\/www.nectart.ch\/Wpress\/philo\/\">Lire plus &#8230;<\/a><\/p>\n","protected":false},"author":1,"featured_media":0,"parent":0,"menu_order":0,"comment_status":"closed","ping_status":"closed","template":"","meta":{"ngg_post_thumbnail":0,"footnotes":""},"_links":{"self":[{"href":"https:\/\/www.nectart.ch\/Wpress\/wp-json\/wp\/v2\/pages\/208"}],"collection":[{"href":"https:\/\/www.nectart.ch\/Wpress\/wp-json\/wp\/v2\/pages"}],"about":[{"href":"https:\/\/www.nectart.ch\/Wpress\/wp-json\/wp\/v2\/types\/page"}],"author":[{"embeddable":true,"href":"https:\/\/www.nectart.ch\/Wpress\/wp-json\/wp\/v2\/users\/1"}],"replies":[{"embeddable":true,"href":"https:\/\/www.nectart.ch\/Wpress\/wp-json\/wp\/v2\/comments?post=208"}],"version-history":[{"count":3,"href":"https:\/\/www.nectart.ch\/Wpress\/wp-json\/wp\/v2\/pages\/208\/revisions"}],"predecessor-version":[{"id":357,"href":"https:\/\/www.nectart.ch\/Wpress\/wp-json\/wp\/v2\/pages\/208\/revisions\/357"}],"wp:attachment":[{"href":"https:\/\/www.nectart.ch\/Wpress\/wp-json\/wp\/v2\/media?parent=208"}],"curies":[{"name":"wp","href":"https:\/\/api.w.org\/{rel}","templated":true}]}}