{"id":11,"date":"2023-10-23T10:13:28","date_gmt":"2023-10-23T10:13:28","guid":{"rendered":"http:\/\/www.nectart.ch\/Wpress\/?page_id=11"},"modified":"2023-10-25T15:04:27","modified_gmt":"2023-10-25T15:04:27","slug":"bienvenue","status":"publish","type":"page","link":"https:\/\/www.nectart.ch\/Wpress\/","title":{"rendered":"Bienvenue"},"content":{"rendered":"<div class=\"wp-block-image\">\n<figure class=\"aligncenter size-large is-resized\"><img decoding=\"async\" loading=\"lazy\" width=\"768\" height=\"1024\" src=\"http:\/\/www.nectart.ch\/Wpress\/wp-content\/uploads\/2023\/10\/Dominique_ZAUGG-768x1024.jpg\" alt=\"\" class=\"wp-image-241\" style=\"aspect-ratio:0.75;width:262px;height:auto\" srcset=\"https:\/\/www.nectart.ch\/Wpress\/wp-content\/uploads\/2023\/10\/Dominique_ZAUGG-768x1024.jpg 768w, https:\/\/www.nectart.ch\/Wpress\/wp-content\/uploads\/2023\/10\/Dominique_ZAUGG-225x300.jpg 225w, https:\/\/www.nectart.ch\/Wpress\/wp-content\/uploads\/2023\/10\/Dominique_ZAUGG.jpg 960w\" sizes=\"(max-width: 768px) 100vw, 768px\" \/><\/figure><\/div>\n\n\n<p class=\"has-text-align-center\"><strong>Bienvenue sur mon site<\/strong><\/p>\n\n\n\n<p class=\"has-text-align-center\">Dans la mythologie gr\u00e9co-romaine, le nectar (en grec ancien \u03bd\u03ad\u03ba\u03c4\u03b1\u03c1 \/ n\u00e9ktar) est une nourriture des dieux. Traditionnellement, le nectar est consid\u00e9r\u00e9 comme une boisson et l&rsquo;ambroisie comme une nourriture solide qui sont la substance qui rend immortel et divin.<\/p>\n\n\n\n<p class=\"has-text-align-center\"><em>\u00d4 C\u0153ur, ne t\u2019affaire qu\u2019avec les h\u00e9ritiers du c\u0153ur, et,<br>Ne t\u2019assieds que sous un arbre dont la parure regorge de belles fleurs!<br>Dans ce march\u00e9 de fragrance,<\/em><\/p>\n\n\n\n<p class=\"has-text-align-center\"><em>Exalt\u00e9,<\/em><\/p>\n\n\n\n<p class=\"has-text-align-center\"><em>\u00f4 nectar sublime,<br>Ne te conduis pas en d\u00e9s\u0153uvr\u00e9!<br>Dirige tes pas vers Celui qui offre la v\u00e9ritable ambroisie.<\/em><\/p>\n\n\n\n<p class=\"has-text-align-center\"><em>Dans cette coupe sont les sept Oc\u00e9ans et les innombrables \u00e9toiles.<\/em><\/p>\n\n\n\n<p class=\"has-text-align-center\"><em>Le joaillier et sa pierre de touche sont dedans.<\/em><\/p>\n\n\n\n<p class=\"has-text-align-center\"><em>La voix de l\u2019\u00c9ternel y retentit et fait jaillir le renouveau.\u00bb<\/em><\/p>\n\n\n\n<p class=\"has-text-align-center\"><em>Kabir<\/em><\/p>\n\n\n\n<p class=\"has-text-align-center\">Installez-vous confortablement et laissez-vous immerger dans ce nectar et go\u00fbtez cette boisson des dieux.<\/p>\n\n\n\n<p class=\"has-text-align-center\">Voyagez parmi ces \u00e9toiles, car humblement c\u2019est L\u00e0 o\u00f9 je me ressource.<\/p>\n\n\n\n<div>\n<p style=\"text-align: center;\">L\u2019abondance est de s\u2019abandonner, l\u00e2cher prise tout en restant attentif.<\/p>\n<p style=\"text-align: center;\">Bonne visite&nbsp;!<\/p>\n<p style=\"text-align: center;\">***<\/p>\n<\/div>\n","protected":false},"excerpt":{"rendered":"<p>Bienvenue sur mon site Dans la mythologie gr\u00e9co-romaine, le nectar (en grec ancien \u03bd\u03ad\u03ba\u03c4\u03b1\u03c1 \/ n\u00e9ktar) est une nourriture des dieux. Traditionnellement, le nectar est consid\u00e9r\u00e9 comme une boisson et l&rsquo;ambroisie comme une nourriture solide qui sont la substance qui rend immortel et divin. \u00d4 C\u0153ur, ne t\u2019affaire qu\u2019avec les h\u00e9ritiers du c\u0153ur, et,Ne t\u2019assieds <a class=\"more-link\" href=\"https:\/\/www.nectart.ch\/Wpress\/\">Lire plus &#8230;<\/a><\/p>\n","protected":false},"author":1,"featured_media":0,"parent":0,"menu_order":0,"comment_status":"closed","ping_status":"closed","template":"","meta":{"ngg_post_thumbnail":0,"footnotes":""},"_links":{"self":[{"href":"https:\/\/www.nectart.ch\/Wpress\/wp-json\/wp\/v2\/pages\/11"}],"collection":[{"href":"https:\/\/www.nectart.ch\/Wpress\/wp-json\/wp\/v2\/pages"}],"about":[{"href":"https:\/\/www.nectart.ch\/Wpress\/wp-json\/wp\/v2\/types\/page"}],"author":[{"embeddable":true,"href":"https:\/\/www.nectart.ch\/Wpress\/wp-json\/wp\/v2\/users\/1"}],"replies":[{"embeddable":true,"href":"https:\/\/www.nectart.ch\/Wpress\/wp-json\/wp\/v2\/comments?post=11"}],"version-history":[{"count":3,"href":"https:\/\/www.nectart.ch\/Wpress\/wp-json\/wp\/v2\/pages\/11\/revisions"}],"predecessor-version":[{"id":295,"href":"https:\/\/www.nectart.ch\/Wpress\/wp-json\/wp\/v2\/pages\/11\/revisions\/295"}],"wp:attachment":[{"href":"https:\/\/www.nectart.ch\/Wpress\/wp-json\/wp\/v2\/media?parent=11"}],"curies":[{"name":"wp","href":"https:\/\/api.w.org\/{rel}","templated":true}]}}